{"id":30226,"date":"2021-10-26T16:15:48","date_gmt":"2021-10-26T15:15:48","guid":{"rendered":"https:\/\/vin.mecalife.com\/?page_id=30226"},"modified":"2021-10-28T14:00:51","modified_gmt":"2021-10-28T13:00:51","slug":"affiliation-client","status":"publish","type":"page","link":"https:\/\/vin.mecalife.com\/fr_be\/affiliation-client\/","title":{"rendered":"AFFILIATION CLIENT"},"content":{"rendered":"<div data-elementor-type=\"wp-page\" data-elementor-id=\"30226\" class=\"elementor elementor-30226\" data-elementor-post-type=\"page\">\n\t\t\t\t\t\t<section class=\"elementor-section elementor-top-section elementor-element elementor-element-cd0c16f elementor-section-boxed elementor-section-height-default elementor-section-height-default\" data-id=\"cd0c16f\" data-element_type=\"section\">\n\t\t\t\t\t\t<div class=\"elementor-container elementor-column-gap-default\">\n\t\t\t\t\t<div class=\"elementor-column elementor-col-100 elementor-top-column elementor-element elementor-element-54800d7\" data-id=\"54800d7\" data-element_type=\"column\">\n\t\t\t<div class=\"elementor-widget-wrap elementor-element-populated\">\n\t\t\t\t\t\t<div class=\"elementor-element elementor-element-4a59c47 elementor-widget elementor-widget-heading\" data-id=\"4a59c47\" data-element_type=\"widget\" data-widget_type=\"heading.default\">\n\t\t\t\t<div class=\"elementor-widget-container\">\n\t\t\t<style>\/*! elementor - v3.22.0 - 26-06-2024 *\/\n.elementor-heading-title{padding:0;margin:0;line-height:1}.elementor-widget-heading .elementor-heading-title[class*=elementor-size-]>a{color:inherit;font-size:inherit;line-height:inherit}.elementor-widget-heading .elementor-heading-title.elementor-size-small{font-size:15px}.elementor-widget-heading .elementor-heading-title.elementor-size-medium{font-size:19px}.elementor-widget-heading .elementor-heading-title.elementor-size-large{font-size:29px}.elementor-widget-heading .elementor-heading-title.elementor-size-xl{font-size:39px}.elementor-widget-heading .elementor-heading-title.elementor-size-xxl{font-size:59px}<\/style><h2 class=\"elementor-heading-title elementor-size-default\">PROGRAMME D'AFFILIATION<\/h2>\t\t<\/div>\n\t\t\t\t<\/div>\n\t\t\t\t\t<\/div>\n\t\t<\/div>\n\t\t\t\t\t<\/div>\n\t\t<\/section>\n\t\t\t\t<section class=\"elementor-section elementor-top-section elementor-element elementor-element-548bfc9 elementor-section-boxed elementor-section-height-default elementor-section-height-default\" data-id=\"548bfc9\" data-element_type=\"section\">\n\t\t\t\t\t\t<div class=\"elementor-container elementor-column-gap-default\">\n\t\t\t\t\t<div class=\"elementor-column elementor-col-100 elementor-top-column elementor-element elementor-element-116d4fb\" data-id=\"116d4fb\" data-element_type=\"column\">\n\t\t\t<div class=\"elementor-widget-wrap elementor-element-populated\">\n\t\t\t\t\t\t<div class=\"elementor-element elementor-element-85c5ea1 elementor-widget elementor-widget-text-editor\" data-id=\"85c5ea1\" data-element_type=\"widget\" data-widget_type=\"text-editor.default\">\n\t\t\t\t<div class=\"elementor-widget-container\">\n\t\t\t<style>\/*! elementor - v3.22.0 - 26-06-2024 *\/\n.elementor-widget-text-editor.elementor-drop-cap-view-stacked .elementor-drop-cap{background-color:#69727d;color:#fff}.elementor-widget-text-editor.elementor-drop-cap-view-framed .elementor-drop-cap{color:#69727d;border:3px solid;background-color:transparent}.elementor-widget-text-editor:not(.elementor-drop-cap-view-default) .elementor-drop-cap{margin-top:8px}.elementor-widget-text-editor:not(.elementor-drop-cap-view-default) .elementor-drop-cap-letter{width:1em;height:1em}.elementor-widget-text-editor .elementor-drop-cap{float:left;text-align:center;line-height:1;font-size:50px}.elementor-widget-text-editor .elementor-drop-cap-letter{display:inline-block}<\/style>\t\t\t\t<p>Bienvenue sur la page d&rsquo;explication de parrainage chez MecaVIN.<\/p><p>Pour devenir parrain, il suffit simplement de commander votre premier rapport MecaVIN ainsi un compte vous sera automatiquement cr\u00e9e et vous recevrez les identifiants pour vous connecter par mail.<br \/>Une fois connect\u00e9, vous pourrez obtenir votre lien de parrainage.<\/p><p style=\"color: #19d180;\"><span style=\"text-decoration: underline;\"><strong>AVANTAGE PARRAIN :<\/strong><\/span><\/p><p>Pour chaque rapport command\u00e9 via votre lien de parrainage vous recevrez 15% de commission sur votre compte MecaVIN (Vous pourrez consulter votre montant de commission directement sur votre compte MecaVIN).<\/p><p>Afin de r\u00e9cup\u00e9rer votre commission il y a deux solutions, si vous avez sur votre compte un rapport MecaVIN non rembourser alors, nous vous remboursons le rapport via votre commission.<br \/>Si jamais tous vos rapports ont d\u00e9j\u00e0 \u00e9t\u00e9 rembours\u00e9s mais que votre commission continue de s&rsquo;accumuler dans ce cas vous pourrez nous faire une demande de virement \u00e0 partir de 10\u20ac de commission cumul\u00e9e.<br \/>Vous pouvez aussi d\u00e9cider de faire don de votre commission \u00e0 <a href=\"https:\/\/www.msf.fr\/\"><span style=\"text-decoration: underline;\"><strong>M\u00e9decins Sans Fronti\u00e8res<\/strong><\/span><\/a><\/p><p style=\"color: #19d180;\"><span style=\"text-decoration: underline;\"><strong>AVANTAGE FILLEUL :<\/strong><\/span><\/p><p>Lorsqu&rsquo;une personne commande un rapport MecaVIN via un lien de parrainage une r\u00e9duction de 10%* s&rsquo;applique sur l&rsquo;estimation du prix du v\u00e9hicule \u00e0 identifier. (Pour plus d&rsquo;informations veuillez voir plus bas)<\/p><p>*Lorsque vous faites une demande d&rsquo;identification d&rsquo;un v\u00e9hicule nous estimons son prix via plusieurs facteurs, chez MecaVIN nous utilisons des prix variables pour nos rapports en fonction du prix des v\u00e9hicules \u00e0 identifier.<br \/>Par cons\u00e9quent chaque prix de rapport contient une tranche de prix de v\u00e9hicule voici un exemple ci-dessous (Veuillez noter que les chiffres utilis\u00e9s ne sont pas conformes \u00e0 ceux que nous utilisons) :<\/p><p>PRIX VEHICULE DE 5000\u20ac A 6499\u20ac = 9\u20ac<br \/>PRIX VEHICULE DE 6500\u20ac A 8000\u20ac = 10\u20ac<\/p><p>Donc lorsque le filleul fait la demande de rapport nous prenons le prix du v\u00e9hicule et lui d\u00e9duisons 10% exemple :<\/p><p>PRIX VEHICULE 6500\u20ac &#8211; 10%(650\u20ac) = 5850\u20ac ainsi le rapport sera \u00e0 9\u20ac au lieu de 10\u20ac<\/p><p>Si le prix du v\u00e9hicule change de tranche alors le prix du rapport sera r\u00e9duit, mais il peut arriver que le prix du v\u00e9hicule ne change pas de tranche alors le prix du rapport ne bougera pas.<\/p>\t\t\t\t\t\t<\/div>\n\t\t\t\t<\/div>\n\t\t\t\t\t<\/div>\n\t\t<\/div>\n\t\t\t\t\t<\/div>\n\t\t<\/section>\n\t\t\t\t<\/div>","protected":false},"excerpt":{"rendered":"<p>PROGRAMME D&rsquo;AFFILIATION Bienvenue sur la page d&rsquo;explication de parrainage chez MecaVIN. Pour devenir parrain, il suffit simplement de commander votre premier rapport MecaVIN ainsi un compte vous sera automatiquement cr\u00e9e et vous recevrez les identifiants pour vous connecter par mail. Une fois connect\u00e9, vous pourrez obtenir votre lien de parrainage. AVANTAGE PARRAIN : Pour chaque [&hellip;]<\/p>","protected":false},"author":6,"featured_media":0,"parent":0,"menu_order":0,"comment_status":"closed","ping_status":"closed","template":"","meta":{"_acf_changed":false,"footnotes":""},"modele":[],"acf":[],"yoast_head":"<!-- This site is optimized with the Yoast SEO plugin v23.0 - https:\/\/yoast.com\/wordpress\/plugins\/seo\/ -->\n<title>MecaVIN - AFFILIATION CLIENT<\/title>\n<meta name=\"robots\" content=\"index, follow, max-snippet:-1, max-image-preview:large, max-video-preview:-1\" \/>\n<link rel=\"canonical\" href=\"https:\/\/vin.mecalife.com\/fr_be\/affiliation-client\/\" \/>\n<meta property=\"og:locale\" content=\"fr_FR\" \/>\n<meta property=\"og:type\" content=\"article\" \/>\n<meta property=\"og:title\" content=\"MecaVIN - AFFILIATION CLIENT\" \/>\n<meta property=\"og:description\" content=\"PROGRAMME D&rsquo;AFFILIATION Bienvenue sur la page d&rsquo;explication de parrainage chez MecaVIN. Pour devenir parrain, il suffit simplement de commander votre premier rapport MecaVIN ainsi un compte vous sera automatiquement cr\u00e9e et vous recevrez les identifiants pour vous connecter par mail. Une fois connect\u00e9, vous pourrez obtenir votre lien de parrainage. AVANTAGE PARRAIN : Pour chaque [&hellip;]\" \/>\n<meta property=\"og:url\" content=\"https:\/\/vin.mecalife.com\/fr_be\/affiliation-client\/\" \/>\n<meta property=\"og:site_name\" content=\"MecaVIN FR\" \/>\n<meta property=\"article:modified_time\" content=\"2021-10-28T13:00:51+00:00\" \/>\n<meta name=\"twitter:card\" content=\"summary_large_image\" \/>\n<meta name=\"twitter:label1\" content=\"Dur\u00e9e de lecture est.\" \/>\n\t<meta name=\"twitter:data1\" content=\"2 minutes\" \/>\n<script type=\"application\/ld+json\" class=\"yoast-schema-graph\">{\"@context\":\"https:\/\/schema.org\",\"@graph\":[{\"@type\":\"WebPage\",\"@id\":\"https:\/\/vin.mecalife.com\/affiliation-client\/\",\"url\":\"https:\/\/vin.mecalife.com\/affiliation-client\/\",\"name\":\"MecaVIN - AFFILIATION CLIENT\",\"isPartOf\":{\"@id\":\"https:\/\/vin.mecalife.com\/#website\"},\"datePublished\":\"2021-10-26T15:15:48+00:00\",\"dateModified\":\"2021-10-28T13:00:51+00:00\",\"breadcrumb\":{\"@id\":\"https:\/\/vin.mecalife.com\/affiliation-client\/#breadcrumb\"},\"inLanguage\":\"fr-BE\",\"potentialAction\":[{\"@type\":\"ReadAction\",\"target\":[\"https:\/\/vin.mecalife.com\/affiliation-client\/\"]}]},{\"@type\":\"BreadcrumbList\",\"@id\":\"https:\/\/vin.mecalife.com\/affiliation-client\/#breadcrumb\",\"itemListElement\":[{\"@type\":\"ListItem\",\"position\":1,\"name\":\"Accueil\",\"item\":\"https:\/\/vin.mecalife.com\/\"},{\"@type\":\"ListItem\",\"position\":2,\"name\":\"AFFILIATION CLIENT\"}]},{\"@type\":\"WebSite\",\"@id\":\"https:\/\/vin.mecalife.com\/#website\",\"url\":\"https:\/\/vin.mecalife.com\/\",\"name\":\"MecaVIN FR\",\"description\":\"Identifier votre v\u00e9hicule avec immatriculation ou VIN - Options d&#039;\u00e9quipements - Code Couleur - Type Moteur - Type Boite\",\"publisher\":{\"@id\":\"https:\/\/vin.mecalife.com\/#organization\"},\"potentialAction\":[{\"@type\":\"SearchAction\",\"target\":{\"@type\":\"EntryPoint\",\"urlTemplate\":\"https:\/\/vin.mecalife.com\/?s={search_term_string}\"},\"query-input\":\"required name=search_term_string\"}],\"inLanguage\":\"fr-BE\"},{\"@type\":\"Organization\",\"@id\":\"https:\/\/vin.mecalife.com\/#organization\",\"name\":\"MecaVIN by MecaLIFE\",\"url\":\"https:\/\/vin.mecalife.com\/\",\"logo\":{\"@type\":\"ImageObject\",\"inLanguage\":\"fr-BE\",\"@id\":\"https:\/\/vin.mecalife.com\/#\/schema\/logo\/image\/\",\"url\":\"https:\/\/vin.mecalife.com\/wp-content\/uploads\/2020\/06\/mecavin_logo.svg\",\"contentUrl\":\"https:\/\/vin.mecalife.com\/wp-content\/uploads\/2020\/06\/mecavin_logo.svg\",\"width\":200,\"height\":56,\"caption\":\"MecaVIN by MecaLIFE\"},\"image\":{\"@id\":\"https:\/\/vin.mecalife.com\/#\/schema\/logo\/image\/\"}}]}<\/script>\n<!-- \/ Yoast SEO plugin. -->","yoast_head_json":{"title":"MecaVIN - AFFILIATION CLIENT","robots":{"index":"index","follow":"follow","max-snippet":"max-snippet:-1","max-image-preview":"max-image-preview:large","max-video-preview":"max-video-preview:-1"},"canonical":"https:\/\/vin.mecalife.com\/fr_be\/affiliation-client\/","og_locale":"fr_FR","og_type":"article","og_title":"MecaVIN - AFFILIATION CLIENT","og_description":"PROGRAMME D&rsquo;AFFILIATION Bienvenue sur la page d&rsquo;explication de parrainage chez MecaVIN. Pour devenir parrain, il suffit simplement de commander votre premier rapport MecaVIN ainsi un compte vous sera automatiquement cr\u00e9e et vous recevrez les identifiants pour vous connecter par mail. Une fois connect\u00e9, vous pourrez obtenir votre lien de parrainage. AVANTAGE PARRAIN : Pour chaque [&hellip;]","og_url":"https:\/\/vin.mecalife.com\/fr_be\/affiliation-client\/","og_site_name":"MecaVIN FR","article_modified_time":"2021-10-28T13:00:51+00:00","twitter_card":"summary_large_image","twitter_misc":{"Dur\u00e9e de lecture est.":"2 minutes"},"schema":{"@context":"https:\/\/schema.org","@graph":[{"@type":"WebPage","@id":"https:\/\/vin.mecalife.com\/affiliation-client\/","url":"https:\/\/vin.mecalife.com\/affiliation-client\/","name":"MecaVIN - AFFILIATION CLIENT","isPartOf":{"@id":"https:\/\/vin.mecalife.com\/#website"},"datePublished":"2021-10-26T15:15:48+00:00","dateModified":"2021-10-28T13:00:51+00:00","breadcrumb":{"@id":"https:\/\/vin.mecalife.com\/affiliation-client\/#breadcrumb"},"inLanguage":"fr-BE","potentialAction":[{"@type":"ReadAction","target":["https:\/\/vin.mecalife.com\/affiliation-client\/"]}]},{"@type":"BreadcrumbList","@id":"https:\/\/vin.mecalife.com\/affiliation-client\/#breadcrumb","itemListElement":[{"@type":"ListItem","position":1,"name":"Accueil","item":"https:\/\/vin.mecalife.com\/"},{"@type":"ListItem","position":2,"name":"AFFILIATION CLIENT"}]},{"@type":"WebSite","@id":"https:\/\/vin.mecalife.com\/#website","url":"https:\/\/vin.mecalife.com\/","name":"MecaVIN FR","description":"Identifier votre v\u00e9hicule avec immatriculation ou VIN - Options d&#039;\u00e9quipements - Code Couleur - Type Moteur - Type Boite","publisher":{"@id":"https:\/\/vin.mecalife.com\/#organization"},"potentialAction":[{"@type":"SearchAction","target":{"@type":"EntryPoint","urlTemplate":"https:\/\/vin.mecalife.com\/?s={search_term_string}"},"query-input":"required name=search_term_string"}],"inLanguage":"fr-BE"},{"@type":"Organization","@id":"https:\/\/vin.mecalife.com\/#organization","name":"MecaVIN by MecaLIFE","url":"https:\/\/vin.mecalife.com\/","logo":{"@type":"ImageObject","inLanguage":"fr-BE","@id":"https:\/\/vin.mecalife.com\/#\/schema\/logo\/image\/","url":"https:\/\/vin.mecalife.com\/wp-content\/uploads\/2020\/06\/mecavin_logo.svg","contentUrl":"https:\/\/vin.mecalife.com\/wp-content\/uploads\/2020\/06\/mecavin_logo.svg","width":200,"height":56,"caption":"MecaVIN by MecaLIFE"},"image":{"@id":"https:\/\/vin.mecalife.com\/#\/schema\/logo\/image\/"}}]}},"_links":{"self":[{"href":"https:\/\/vin.mecalife.com\/fr_be\/wp-json\/wp\/v2\/pages\/30226"}],"collection":[{"href":"https:\/\/vin.mecalife.com\/fr_be\/wp-json\/wp\/v2\/pages"}],"about":[{"href":"https:\/\/vin.mecalife.com\/fr_be\/wp-json\/wp\/v2\/types\/page"}],"author":[{"embeddable":true,"href":"https:\/\/vin.mecalife.com\/fr_be\/wp-json\/wp\/v2\/users\/6"}],"replies":[{"embeddable":true,"href":"https:\/\/vin.mecalife.com\/fr_be\/wp-json\/wp\/v2\/comments?post=30226"}],"version-history":[{"count":50,"href":"https:\/\/vin.mecalife.com\/fr_be\/wp-json\/wp\/v2\/pages\/30226\/revisions"}],"predecessor-version":[{"id":30276,"href":"https:\/\/vin.mecalife.com\/fr_be\/wp-json\/wp\/v2\/pages\/30226\/revisions\/30276"}],"wp:attachment":[{"href":"https:\/\/vin.mecalife.com\/fr_be\/wp-json\/wp\/v2\/media?parent=30226"}],"wp:term":[{"taxonomy":"modele","embeddable":true,"href":"https:\/\/vin.mecalife.com\/fr_be\/wp-json\/wp\/v2\/modele?post=30226"}],"curies":[{"name":"wp","href":"https:\/\/api.w.org\/{rel}","templated":true}]}}