{"id":30226,"date":"2021-10-26T16:15:48","date_gmt":"2021-10-26T15:15:48","guid":{"rendered":"https:\/\/vin.mecalife.com\/?page_id=30226"},"modified":"2021-10-28T14:00:51","modified_gmt":"2021-10-28T13:00:51","slug":"affiliation-client","status":"publish","type":"page","link":"https:\/\/vin.mecalife.com\/es_es\/afiliacion-cliente\/","title":{"rendered":"AFILIACI\u00d3N DE CLIENTES"},"content":{"rendered":"<div data-elementor-type=\"wp-page\" data-elementor-id=\"30226\" class=\"elementor elementor-30226\" data-elementor-post-type=\"page\">\n\t\t\t\t\t\t<section class=\"elementor-section elementor-top-section elementor-element elementor-element-cd0c16f elementor-section-boxed elementor-section-height-default elementor-section-height-default\" data-id=\"cd0c16f\" data-element_type=\"section\">\n\t\t\t\t\t\t<div class=\"elementor-container elementor-column-gap-default\">\n\t\t\t\t\t<div class=\"elementor-column elementor-col-100 elementor-top-column elementor-element elementor-element-54800d7\" data-id=\"54800d7\" data-element_type=\"column\">\n\t\t\t<div class=\"elementor-widget-wrap elementor-element-populated\">\n\t\t\t\t\t\t<div class=\"elementor-element elementor-element-4a59c47 elementor-widget elementor-widget-heading\" data-id=\"4a59c47\" data-element_type=\"widget\" data-widget_type=\"heading.default\">\n\t\t\t\t<div class=\"elementor-widget-container\">\n\t\t\t<style>\/*! elementor - v3.22.0 - 26-06-2024 *\/\n.elementor-heading-title{padding:0;margin:0;line-height:1}.elementor-widget-heading .elementor-heading-title[class*=elementor-size-]>a{color:inherit;font-size:inherit;line-height:inherit}.elementor-widget-heading .elementor-heading-title.elementor-size-small{font-size:15px}.elementor-widget-heading .elementor-heading-title.elementor-size-medium{font-size:19px}.elementor-widget-heading .elementor-heading-title.elementor-size-large{font-size:29px}.elementor-widget-heading .elementor-heading-title.elementor-size-xl{font-size:39px}.elementor-widget-heading .elementor-heading-title.elementor-size-xxl{font-size:59px}<\/style><h2 class=\"elementor-heading-title elementor-size-default\">PROGRAMA DE AFILIADOS<\/h2>\t\t<\/div>\n\t\t\t\t<\/div>\n\t\t\t\t\t<\/div>\n\t\t<\/div>\n\t\t\t\t\t<\/div>\n\t\t<\/section>\n\t\t\t\t<section class=\"elementor-section elementor-top-section elementor-element elementor-element-548bfc9 elementor-section-boxed elementor-section-height-default elementor-section-height-default\" data-id=\"548bfc9\" data-element_type=\"section\">\n\t\t\t\t\t\t<div class=\"elementor-container elementor-column-gap-default\">\n\t\t\t\t\t<div class=\"elementor-column elementor-col-100 elementor-top-column elementor-element elementor-element-116d4fb\" data-id=\"116d4fb\" data-element_type=\"column\">\n\t\t\t<div class=\"elementor-widget-wrap elementor-element-populated\">\n\t\t\t\t\t\t<div class=\"elementor-element elementor-element-85c5ea1 elementor-widget elementor-widget-text-editor\" data-id=\"85c5ea1\" data-element_type=\"widget\" data-widget_type=\"text-editor.default\">\n\t\t\t\t<div class=\"elementor-widget-container\">\n\t\t\t<style>\/*! elementor - v3.22.0 - 26-06-2024 *\/\n.elementor-widget-text-editor.elementor-drop-cap-view-stacked .elementor-drop-cap{background-color:#69727d;color:#fff}.elementor-widget-text-editor.elementor-drop-cap-view-framed .elementor-drop-cap{color:#69727d;border:3px solid;background-color:transparent}.elementor-widget-text-editor:not(.elementor-drop-cap-view-default) .elementor-drop-cap{margin-top:8px}.elementor-widget-text-editor:not(.elementor-drop-cap-view-default) .elementor-drop-cap-letter{width:1em;height:1em}.elementor-widget-text-editor .elementor-drop-cap{float:left;text-align:center;line-height:1;font-size:50px}.elementor-widget-text-editor .elementor-drop-cap-letter{display:inline-block}<\/style>\t\t\t\t<p>Bienvenido a la p\u00e1gina de explicaci\u00f3n del patrocinio de MecaVIN.<\/p><p>Para convertirse en patrocinador, s\u00f3lo tiene que solicitar su primer informe MecaVIN y se le crear\u00e1 autom\u00e1ticamente una cuenta y recibir\u00e1 los datos de acceso por correo electr\u00f3nico.<br \/>Una vez iniciada la sesi\u00f3n, podr\u00e1s obtener tu enlace de referencia.<\/p><p style=\"color: #19d180;\"><span style=\"text-decoration: underline;\"><strong>BENEFICIO DEL PATROCINADOR :<\/strong><\/span><\/p><p>Por cada informe pedido a trav\u00e9s de su enlace de recomendaci\u00f3n recibir\u00e1 15% de comisi\u00f3n en su cuenta MecaVIN (Puede consultar el importe de su comisi\u00f3n directamente en su cuenta MecaVIN).<\/p><p>Si tiene un informe MecaVIN pendiente en su cuenta, le reembolsaremos la comisi\u00f3n.<br \/>Si todos sus informes ya han sido reembolsados pero su comisi\u00f3n sigue acumul\u00e1ndose, puede solicitar una transferencia a partir de 10 euros de comisi\u00f3n acumulada.<br \/>Tambi\u00e9n puede decidir donar su comisi\u00f3n a <a href=\"https:\/\/www.msf.fr\/\"><span style=\"text-decoration: underline;\"><strong>M\u00e9dicos sin Fronteras<\/strong><\/span><\/a><\/p><p style=\"color: #19d180;\"><span style=\"text-decoration: underline;\"><strong>BENEFICIO PARA EL PATROCINADOR :<\/strong><\/span><\/p><p>Cuando alguien solicita un informe MecaVIN a trav\u00e9s de un enlace de referencia, se aplica un descuento de 10%* al precio estimado del veh\u00edculo que se va a identificar. (Para m\u00e1s informaci\u00f3n, v\u00e9ase m\u00e1s abajo)<\/p><p>*Cuando solicita una identificaci\u00f3n de veh\u00edculo estimamos el precio a trav\u00e9s de varios factores, en MecaVIN utilizamos precios variables para nuestros informes dependiendo del precio de los veh\u00edculos a identificar.<br \/>Por lo tanto, cada precio de informe contiene una gama de precios de veh\u00edculos. He aqu\u00ed un ejemplo (tenga en cuenta que las cifras utilizadas no coinciden con las que utilizamos nosotros):<\/p><p>PRECIO DEL VEH\u00cdCULO DE 5000\u20ac A 6499\u20ac = 9<br \/>PRECIO DEL VEH\u00cdCULO DE 6500\u20ac A 8000\u20ac = 10<\/p><p>As\u00ed, cuando el patrocinador solicita el informe, tomamos el precio del veh\u00edculo y deducimos 10%, por ejemplo:<\/p><p>PRECIO DEL VEH\u00cdCULO 6500\u20ac - 10%(650\u20ac) = 5850\u20ac por lo que el ratio ser\u00e1 de 9\u20ac en lugar de 10\u20ac.<\/p><p>Si el precio del veh\u00edculo cambia de banda entonces el precio del informe se reducir\u00e1, pero puede ocurrir que el precio del veh\u00edculo no cambie de banda entonces el precio del informe no se mover\u00e1.<\/p>\t\t\t\t\t\t<\/div>\n\t\t\t\t<\/div>\n\t\t\t\t\t<\/div>\n\t\t<\/div>\n\t\t\t\t\t<\/div>\n\t\t<\/section>\n\t\t\t\t<\/div>","protected":false},"excerpt":{"rendered":"<p>PROGRAMA DE AFILIACI\u00d3N Bienvenido a la p\u00e1gina de explicaci\u00f3n de patrocinio de MecaVIN. Para convertirse en patrocinador, simplemente solicite su primer informe MecaVIN y se le crear\u00e1 autom\u00e1ticamente una cuenta y recibir\u00e1 sus datos de acceso por correo electr\u00f3nico. Una vez que haya iniciado sesi\u00f3n, podr\u00e1 obtener su enlace de referencia. VENTAJA PATROCINADOR: Por cada [...]<\/p>","protected":false},"author":6,"featured_media":0,"parent":0,"menu_order":0,"comment_status":"closed","ping_status":"closed","template":"","meta":{"_acf_changed":false,"footnotes":""},"modele":[],"acf":[],"yoast_head":"<!-- This site is optimized with the Yoast SEO plugin v23.0 - https:\/\/yoast.com\/wordpress\/plugins\/seo\/ -->\n<title>MecaVIN - AFFILIATION CLIENT<\/title>\n<meta name=\"robots\" content=\"index, follow, max-snippet:-1, max-image-preview:large, max-video-preview:-1\" \/>\n<link rel=\"canonical\" href=\"https:\/\/vin.mecalife.com\/es_es\/afiliacion-cliente\/\" \/>\n<meta property=\"og:locale\" content=\"es_ES\" \/>\n<meta property=\"og:type\" content=\"article\" \/>\n<meta property=\"og:title\" content=\"MecaVIN - AFFILIATION CLIENT\" \/>\n<meta property=\"og:description\" content=\"PROGRAMME D&rsquo;AFFILIATION Bienvenue sur la page d&rsquo;explication de parrainage chez MecaVIN. Pour devenir parrain, il suffit simplement de commander votre premier rapport MecaVIN ainsi un compte vous sera automatiquement cr\u00e9e et vous recevrez les identifiants pour vous connecter par mail. Une fois connect\u00e9, vous pourrez obtenir votre lien de parrainage. AVANTAGE PARRAIN : Pour chaque [&hellip;]\" \/>\n<meta property=\"og:url\" content=\"https:\/\/vin.mecalife.com\/es_es\/afiliacion-cliente\/\" \/>\n<meta property=\"og:site_name\" content=\"MecaVIN FR\" \/>\n<meta property=\"article:modified_time\" content=\"2021-10-28T13:00:51+00:00\" \/>\n<meta name=\"twitter:card\" content=\"summary_large_image\" \/>\n<meta name=\"twitter:label1\" content=\"Tiempo de lectura\" \/>\n\t<meta name=\"twitter:data1\" content=\"2 minutos\" \/>\n<script type=\"application\/ld+json\" class=\"yoast-schema-graph\">{\"@context\":\"https:\/\/schema.org\",\"@graph\":[{\"@type\":\"WebPage\",\"@id\":\"https:\/\/vin.mecalife.com\/affiliation-client\/\",\"url\":\"https:\/\/vin.mecalife.com\/affiliation-client\/\",\"name\":\"MecaVIN - AFFILIATION CLIENT\",\"isPartOf\":{\"@id\":\"https:\/\/vin.mecalife.com\/#website\"},\"datePublished\":\"2021-10-26T15:15:48+00:00\",\"dateModified\":\"2021-10-28T13:00:51+00:00\",\"breadcrumb\":{\"@id\":\"https:\/\/vin.mecalife.com\/affiliation-client\/#breadcrumb\"},\"inLanguage\":\"es\",\"potentialAction\":[{\"@type\":\"ReadAction\",\"target\":[\"https:\/\/vin.mecalife.com\/affiliation-client\/\"]}]},{\"@type\":\"BreadcrumbList\",\"@id\":\"https:\/\/vin.mecalife.com\/affiliation-client\/#breadcrumb\",\"itemListElement\":[{\"@type\":\"ListItem\",\"position\":1,\"name\":\"Accueil\",\"item\":\"https:\/\/vin.mecalife.com\/\"},{\"@type\":\"ListItem\",\"position\":2,\"name\":\"AFFILIATION CLIENT\"}]},{\"@type\":\"WebSite\",\"@id\":\"https:\/\/vin.mecalife.com\/#website\",\"url\":\"https:\/\/vin.mecalife.com\/\",\"name\":\"MecaVIN FR\",\"description\":\"Identifier votre v\u00e9hicule avec immatriculation ou VIN - Options d&#039;\u00e9quipements - Code Couleur - Type Moteur - Type Boite\",\"publisher\":{\"@id\":\"https:\/\/vin.mecalife.com\/#organization\"},\"potentialAction\":[{\"@type\":\"SearchAction\",\"target\":{\"@type\":\"EntryPoint\",\"urlTemplate\":\"https:\/\/vin.mecalife.com\/?s={search_term_string}\"},\"query-input\":\"required name=search_term_string\"}],\"inLanguage\":\"es\"},{\"@type\":\"Organization\",\"@id\":\"https:\/\/vin.mecalife.com\/#organization\",\"name\":\"MecaVIN by MecaLIFE\",\"url\":\"https:\/\/vin.mecalife.com\/\",\"logo\":{\"@type\":\"ImageObject\",\"inLanguage\":\"es\",\"@id\":\"https:\/\/vin.mecalife.com\/#\/schema\/logo\/image\/\",\"url\":\"https:\/\/vin.mecalife.com\/wp-content\/uploads\/2020\/06\/mecavin_logo.svg\",\"contentUrl\":\"https:\/\/vin.mecalife.com\/wp-content\/uploads\/2020\/06\/mecavin_logo.svg\",\"width\":200,\"height\":56,\"caption\":\"MecaVIN by MecaLIFE\"},\"image\":{\"@id\":\"https:\/\/vin.mecalife.com\/#\/schema\/logo\/image\/\"}}]}<\/script>\n<!-- \/ Yoast SEO plugin. -->","yoast_head_json":{"title":"MecaVIN - AFFILIATION CLIENT","robots":{"index":"index","follow":"follow","max-snippet":"max-snippet:-1","max-image-preview":"max-image-preview:large","max-video-preview":"max-video-preview:-1"},"canonical":"https:\/\/vin.mecalife.com\/es_es\/afiliacion-cliente\/","og_locale":"es_ES","og_type":"article","og_title":"MecaVIN - AFFILIATION CLIENT","og_description":"PROGRAMME D&rsquo;AFFILIATION Bienvenue sur la page d&rsquo;explication de parrainage chez MecaVIN. Pour devenir parrain, il suffit simplement de commander votre premier rapport MecaVIN ainsi un compte vous sera automatiquement cr\u00e9e et vous recevrez les identifiants pour vous connecter par mail. Une fois connect\u00e9, vous pourrez obtenir votre lien de parrainage. AVANTAGE PARRAIN : Pour chaque [&hellip;]","og_url":"https:\/\/vin.mecalife.com\/es_es\/afiliacion-cliente\/","og_site_name":"MecaVIN FR","article_modified_time":"2021-10-28T13:00:51+00:00","twitter_card":"summary_large_image","twitter_misc":{"Tiempo de lectura":"2 minutos"},"schema":{"@context":"https:\/\/schema.org","@graph":[{"@type":"WebPage","@id":"https:\/\/vin.mecalife.com\/affiliation-client\/","url":"https:\/\/vin.mecalife.com\/affiliation-client\/","name":"MecaVIN - AFFILIATION CLIENT","isPartOf":{"@id":"https:\/\/vin.mecalife.com\/#website"},"datePublished":"2021-10-26T15:15:48+00:00","dateModified":"2021-10-28T13:00:51+00:00","breadcrumb":{"@id":"https:\/\/vin.mecalife.com\/affiliation-client\/#breadcrumb"},"inLanguage":"es","potentialAction":[{"@type":"ReadAction","target":["https:\/\/vin.mecalife.com\/affiliation-client\/"]}]},{"@type":"BreadcrumbList","@id":"https:\/\/vin.mecalife.com\/affiliation-client\/#breadcrumb","itemListElement":[{"@type":"ListItem","position":1,"name":"Accueil","item":"https:\/\/vin.mecalife.com\/"},{"@type":"ListItem","position":2,"name":"AFFILIATION CLIENT"}]},{"@type":"WebSite","@id":"https:\/\/vin.mecalife.com\/#website","url":"https:\/\/vin.mecalife.com\/","name":"MecaVIN FR","description":"Identifier votre v\u00e9hicule avec immatriculation ou VIN - Options d&#039;\u00e9quipements - Code Couleur - Type Moteur - Type Boite","publisher":{"@id":"https:\/\/vin.mecalife.com\/#organization"},"potentialAction":[{"@type":"SearchAction","target":{"@type":"EntryPoint","urlTemplate":"https:\/\/vin.mecalife.com\/?s={search_term_string}"},"query-input":"required name=search_term_string"}],"inLanguage":"es"},{"@type":"Organization","@id":"https:\/\/vin.mecalife.com\/#organization","name":"MecaVIN by MecaLIFE","url":"https:\/\/vin.mecalife.com\/","logo":{"@type":"ImageObject","inLanguage":"es","@id":"https:\/\/vin.mecalife.com\/#\/schema\/logo\/image\/","url":"https:\/\/vin.mecalife.com\/wp-content\/uploads\/2020\/06\/mecavin_logo.svg","contentUrl":"https:\/\/vin.mecalife.com\/wp-content\/uploads\/2020\/06\/mecavin_logo.svg","width":200,"height":56,"caption":"MecaVIN by MecaLIFE"},"image":{"@id":"https:\/\/vin.mecalife.com\/#\/schema\/logo\/image\/"}}]}},"_links":{"self":[{"href":"https:\/\/vin.mecalife.com\/es_es\/wp-json\/wp\/v2\/pages\/30226"}],"collection":[{"href":"https:\/\/vin.mecalife.com\/es_es\/wp-json\/wp\/v2\/pages"}],"about":[{"href":"https:\/\/vin.mecalife.com\/es_es\/wp-json\/wp\/v2\/types\/page"}],"author":[{"embeddable":true,"href":"https:\/\/vin.mecalife.com\/es_es\/wp-json\/wp\/v2\/users\/6"}],"replies":[{"embeddable":true,"href":"https:\/\/vin.mecalife.com\/es_es\/wp-json\/wp\/v2\/comments?post=30226"}],"version-history":[{"count":50,"href":"https:\/\/vin.mecalife.com\/es_es\/wp-json\/wp\/v2\/pages\/30226\/revisions"}],"predecessor-version":[{"id":30276,"href":"https:\/\/vin.mecalife.com\/es_es\/wp-json\/wp\/v2\/pages\/30226\/revisions\/30276"}],"wp:attachment":[{"href":"https:\/\/vin.mecalife.com\/es_es\/wp-json\/wp\/v2\/media?parent=30226"}],"wp:term":[{"taxonomy":"modele","embeddable":true,"href":"https:\/\/vin.mecalife.com\/es_es\/wp-json\/wp\/v2\/modele?post=30226"}],"curies":[{"name":"wp","href":"https:\/\/api.w.org\/{rel}","templated":true}]}}