{"id":31365,"date":"2023-08-29T14:10:32","date_gmt":"2023-08-29T13:10:32","guid":{"rendered":"https:\/\/vin.mecalife.com\/?page_id=31365"},"modified":"2023-12-01T15:11:34","modified_gmt":"2023-12-01T14:11:34","slug":"avantages-mecavin-pro","status":"publish","type":"page","link":"https:\/\/vin.mecalife.com\/en_gb\/subscription-mecavin-pro\/","title":{"rendered":"advantages-mecavin-pro"},"content":{"rendered":"<div data-elementor-type=\"wp-page\" data-elementor-id=\"31365\" class=\"elementor elementor-31365\" data-elementor-post-type=\"page\">\n\t\t\t\t\t\t<section class=\"elementor-section elementor-top-section elementor-element elementor-element-e5f5e69 elementor-section-full_width elementor-section-height-default elementor-section-height-default\" data-id=\"e5f5e69\" data-element_type=\"section\">\n\t\t\t\t\t\t<div class=\"elementor-container elementor-column-gap-default\">\n\t\t\t\t\t<div class=\"elementor-column elementor-col-100 elementor-top-column elementor-element elementor-element-d58afc2\" data-id=\"d58afc2\" data-element_type=\"column\">\n\t\t\t<div class=\"elementor-widget-wrap elementor-element-populated\">\n\t\t\t\t\t\t<div class=\"elementor-element elementor-element-28606b9 elementor-widget elementor-widget-template\" data-id=\"28606b9\" data-element_type=\"widget\" data-widget_type=\"template.default\">\n\t\t\t\t<div class=\"elementor-widget-container\">\n\t\t\t\t\t<div class=\"elementor-template\">\n\t\t\t\t\t<div data-elementor-type=\"header\" data-elementor-id=\"20880\" class=\"elementor elementor-20880\" data-elementor-post-type=\"elementor_library\">\n\t\t\t\t\t<section class=\"elementor-section elementor-top-section elementor-element elementor-element-00497bd elementor-section-full_width elementor-section-height-default elementor-section-height-default\" data-id=\"00497bd\" data-element_type=\"section\" data-settings=\"{&quot;background_background&quot;:&quot;classic&quot;,&quot;sticky&quot;:&quot;top&quot;,&quot;animation&quot;:&quot;none&quot;,&quot;sticky_on&quot;:[&quot;desktop&quot;],&quot;sticky_offset&quot;:0,&quot;sticky_effects_offset&quot;:0}\">\n\t\t\t\t\t\t<div class=\"elementor-container elementor-column-gap-default\">\n\t\t\t\t\t<div class=\"elementor-column elementor-col-33 elementor-top-column elementor-element elementor-element-71c2a2d\" data-id=\"71c2a2d\" data-element_type=\"column\" data-settings=\"{&quot;background_background&quot;:&quot;classic&quot;}\">\n\t\t\t<div class=\"elementor-widget-wrap elementor-element-populated\">\n\t\t\t\t\t\t<div class=\"elementor-element elementor-element-b8d097c elementor-widget elementor-widget-theme-site-logo elementor-widget-image\" data-id=\"b8d097c\" data-element_type=\"widget\" data-widget_type=\"theme-site-logo.default\">\n\t\t\t\t<div class=\"elementor-widget-container\">\n\t\t\t<style>\/*! elementor - v3.22.0 - 26-06-2024 *\/\n.elementor-widget-image{text-align:center}.elementor-widget-image a{display:inline-block}.elementor-widget-image a img[src$=\".svg\"]{width:48px}.elementor-widget-image img{vertical-align:middle;display:inline-block}<\/style>\t\t\t\t\t\t<a href=\"https:\/\/vin.mecalife.com\/en_gb\">\n\t\t\t<img decoding=\"async\" width=\"200\" height=\"56\" src=\"https:\/\/vin.mecalife.com\/wp-content\/uploads\/2020\/06\/mecavin_logo.svg\" class=\"attachment-full size-full wp-image-20885\" alt=\"\" \/>\t\t\t\t<\/a>\n\t\t\t\t\t\t\t\t\t<\/div>\n\t\t\t\t<\/div>\n\t\t\t\t<div class=\"elementor-element elementor-element-a8c531e elementor-headline--style-rotate elementor-hidden-mobile elementor-widget elementor-widget-animated-headline\" data-id=\"a8c531e\" data-element_type=\"widget\" data-settings=\"{&quot;headline_style&quot;:&quot;rotate&quot;,&quot;animation_type&quot;:&quot;flip&quot;,&quot;rotating_text&quot;:&quot;l\\u2019immatriculation\\nle code VIN&quot;,&quot;loop&quot;:&quot;yes&quot;,&quot;rotate_iteration_delay&quot;:2500}\" data-widget_type=\"animated-headline.default\">\n\t\t\t\t<div class=\"elementor-widget-container\">\n\t\t\t<link rel=\"stylesheet\" href=\"https:\/\/vin.mecalife.com\/wp-content\/plugins\/elementor-pro\/assets\/css\/widget-animated-headline.min.css\">\t\t<h1 class=\"elementor-headline elementor-headline-animation-type-flip\">\n\t\t\t\t\t<span class=\"elementor-headline-plain-text elementor-headline-text-wrapper\">Identify your car with <\/span>\n\t\t\t\t<span class=\"elementor-headline-dynamic-wrapper elementor-headline-text-wrapper\">\n\t\t\t\t\t<span class=\"elementor-headline-dynamic-text elementor-headline-text-active\">\n\t\t\t\tregistration\t\t\t<\/span>\n\t\t\t\t\t<span class=\"elementor-headline-dynamic-text\">\n\t\t\t\tthe VIN code\t\t\t<\/span>\n\t\t\t\t\t\t<\/span>\n\t\t\t\t<\/h1>\n\t\t\t\t<\/div>\n\t\t\t\t<\/div>\n\t\t\t\t\t<\/div>\n\t\t<\/div>\n\t\t\t\t<div class=\"elementor-column elementor-col-33 elementor-top-column elementor-element elementor-element-a393f5a elementor-hidden-mobile elementor-hidden-tablet\" data-id=\"a393f5a\" data-element_type=\"column\">\n\t\t\t<div class=\"elementor-widget-wrap elementor-element-populated\">\n\t\t\t\t\t\t<div class=\"elementor-element elementor-element-173c9c7 elementor-widget elementor-widget-template\" data-id=\"173c9c7\" data-element_type=\"widget\" data-widget_type=\"template.default\">\n\t\t\t\t<div class=\"elementor-widget-container\">\n\t\t\t\t\t<div class=\"elementor-template\">\n\t\t\t\t\t<div data-elementor-type=\"section\" data-elementor-id=\"28233\" class=\"elementor elementor-28233\" data-elementor-post-type=\"elementor_library\">\n\t\t\t\t\t<section class=\"elementor-section elementor-top-section elementor-element elementor-element-21cdd55 elementor-section-full_width elementor-section-height-default elementor-section-height-default\" data-id=\"21cdd55\" data-element_type=\"section\">\n\t\t\t\t\t\t<div class=\"elementor-container elementor-column-gap-default\">\n\t\t\t\t\t<div class=\"elementor-column elementor-col-100 elementor-top-column elementor-element elementor-element-96c8fc8\" data-id=\"96c8fc8\" data-element_type=\"column\">\n\t\t\t<div class=\"elementor-widget-wrap elementor-element-populated\">\n\t\t\t\t\t\t<div class=\"elementor-element elementor-element-35c7f9e elementor-widget elementor-widget-heading\" data-id=\"35c7f9e\" data-element_type=\"widget\" data-widget_type=\"heading.default\">\n\t\t\t\t<div class=\"elementor-widget-container\">\n\t\t\t<style>\/*! elementor - v3.22.0 - 26-06-2024 *\/\n.elementor-heading-title{padding:0;margin:0;line-height:1}.elementor-widget-heading .elementor-heading-title[class*=elementor-size-]>a{color:inherit;font-size:inherit;line-height:inherit}.elementor-widget-heading .elementor-heading-title.elementor-size-small{font-size:15px}.elementor-widget-heading .elementor-heading-title.elementor-size-medium{font-size:19px}.elementor-widget-heading .elementor-heading-title.elementor-size-large{font-size:29px}.elementor-widget-heading .elementor-heading-title.elementor-size-xl{font-size:39px}.elementor-widget-heading .elementor-heading-title.elementor-size-xxl{font-size:59px}<\/style><h2 class=\"elementor-heading-title elementor-size-default\"><a href=\"tel:05 82 28 84 60\">05 82 28 84 60<\/a><\/h2>\t\t<\/div>\n\t\t\t\t<\/div>\n\t\t\t\t\t<\/div>\n\t\t<\/div>\n\t\t\t\t\t<\/div>\n\t\t<\/section>\n\t\t\t\t<\/div>\n\t\t\t\t<\/div>\n\t\t\t\t<\/div>\n\t\t\t\t<\/div>\n\t\t\t\t\t<\/div>\n\t\t<\/div>\n\t\t\t\t<div class=\"elementor-column elementor-col-33 elementor-top-column elementor-element elementor-element-b3c2906 elementor-hidden-mobile\" data-id=\"b3c2906\" data-element_type=\"column\">\n\t\t\t<div class=\"elementor-widget-wrap elementor-element-populated\">\n\t\t\t\t\t\t<div class=\"elementor-element elementor-element-d7a06be elementor-widget elementor-widget-shortcode\" data-id=\"d7a06be\" data-element_type=\"widget\" data-widget_type=\"shortcode.default\">\n\t\t\t\t<div class=\"elementor-widget-container\">\n\t\t\t\t\t<div class=\"elementor-shortcode\"><div class=\"trp_language_switcher_shortcode\">\n<div class=\"trp-language-switcher trp-language-switcher-container\" data-no-translation>\n    <div class=\"trp-ls-shortcode-current-language\">\n        <a href=\"#\" class=\"trp-ls-shortcode-disabled-language trp-ls-disabled-language\" title=\"English (UK)\" onclick=\"event.preventDefault()\">\n\t\t\t<img decoding=\"async\" class=\"trp-flag-image\" src=\"https:\/\/vin.mecalife.com\/wp-content\/plugins\/translatepress-multilingual\/assets\/images\/flags\/en_GB.png\" width=\"18\" height=\"12\" alt=\"en_GB\" title=\"English (UK)\"> English (UK)\t\t<\/a>\n    <\/div>\n    <div class=\"trp-ls-shortcode-language\">\n                <a href=\"#\" class=\"trp-ls-shortcode-disabled-language trp-ls-disabled-language\"  title=\"English (UK)\" onclick=\"event.preventDefault()\">\n\t\t\t<img decoding=\"async\" class=\"trp-flag-image\" src=\"https:\/\/vin.mecalife.com\/wp-content\/plugins\/translatepress-multilingual\/assets\/images\/flags\/en_GB.png\" width=\"18\" height=\"12\" alt=\"en_GB\" title=\"English (UK)\"> English (UK)\t\t<\/a>\n                    <a href=\"https:\/\/vin.mecalife.com\/wp-json\/wp\/v2\/pages\/31365\/\" title=\"Fran\u00e7ais\">\n            <img decoding=\"async\" class=\"trp-flag-image\" src=\"https:\/\/vin.mecalife.com\/wp-content\/plugins\/translatepress-multilingual\/assets\/images\/flags\/fr_FR.png\" width=\"18\" height=\"12\" alt=\"fr_FR\" title=\"Fran\u00e7ais\"> Fran\u00e7ais        <\/a>\n\n            <a href=\"https:\/\/vin.mecalife.com\/en-us\/wp-json\/wp\/v2\/pages\/31365\/\" title=\"English\">\n            <img loading=\"lazy\" decoding=\"async\" class=\"trp-flag-image\" src=\"https:\/\/vin.mecalife.com\/wp-content\/plugins\/translatepress-multilingual\/assets\/images\/flags\/en_US.png\" width=\"18\" height=\"12\" alt=\"en_US\" title=\"English\"> English        <\/a>\n\n            <a href=\"https:\/\/vin.mecalife.com\/en_au\/wp-json\/wp\/v2\/pages\/31365\/\" title=\"English (Australia)\">\n            <img loading=\"lazy\" decoding=\"async\" class=\"trp-flag-image\" src=\"https:\/\/vin.mecalife.com\/wp-content\/plugins\/translatepress-multilingual\/assets\/images\/flags\/en_AU.png\" width=\"18\" height=\"12\" alt=\"en_AU\" title=\"English (Australia)\"> English (Australia)        <\/a>\n\n            <a href=\"https:\/\/vin.mecalife.com\/en_ca\/wp-json\/wp\/v2\/pages\/31365\/\" title=\"English (Canada)\">\n            <img loading=\"lazy\" decoding=\"async\" class=\"trp-flag-image\" src=\"https:\/\/vin.mecalife.com\/wp-content\/plugins\/translatepress-multilingual\/assets\/images\/flags\/en_CA.png\" width=\"18\" height=\"12\" alt=\"en_CA\" title=\"English (Canada)\"> English (Canada)        <\/a>\n\n            <a href=\"https:\/\/vin.mecalife.com\/en_nz\/wp-json\/wp\/v2\/pages\/31365\/\" title=\"English (New Zealand)\">\n            <img loading=\"lazy\" decoding=\"async\" class=\"trp-flag-image\" src=\"https:\/\/vin.mecalife.com\/wp-content\/plugins\/translatepress-multilingual\/assets\/images\/flags\/en_NZ.png\" width=\"18\" height=\"12\" alt=\"en_NZ\" title=\"English (New Zealand)\"> English (New Zealand)        <\/a>\n\n            <a href=\"https:\/\/vin.mecalife.com\/en_za\/wp-json\/wp\/v2\/pages\/31365\/\" title=\"English (South Africa)\">\n            <img loading=\"lazy\" decoding=\"async\" class=\"trp-flag-image\" src=\"https:\/\/vin.mecalife.com\/wp-content\/plugins\/translatepress-multilingual\/assets\/images\/flags\/en_ZA.png\" width=\"18\" height=\"12\" alt=\"en_ZA\" title=\"English (South Africa)\"> English (South Africa)        <\/a>\n\n            <a href=\"https:\/\/vin.mecalife.com\/de_de\/wp-json\/wp\/v2\/pages\/31365\/\" title=\"Deutsch (Sie)\">\n            <img loading=\"lazy\" decoding=\"async\" class=\"trp-flag-image\" src=\"https:\/\/vin.mecalife.com\/wp-content\/plugins\/translatepress-multilingual\/assets\/images\/flags\/de_DE_formal.png\" width=\"18\" height=\"12\" alt=\"de_DE_formal\" title=\"Deutsch (Sie)\"> Deutsch (Sie)        <\/a>\n\n            <a href=\"https:\/\/vin.mecalife.com\/it_it\/wp-json\/wp\/v2\/pages\/31365\/\" title=\"Italiano\">\n            <img loading=\"lazy\" decoding=\"async\" class=\"trp-flag-image\" src=\"https:\/\/vin.mecalife.com\/wp-content\/plugins\/translatepress-multilingual\/assets\/images\/flags\/it_IT.png\" width=\"18\" height=\"12\" alt=\"it_IT\" title=\"Italiano\"> Italiano        <\/a>\n\n            <a href=\"https:\/\/vin.mecalife.com\/es_es\/wp-json\/wp\/v2\/pages\/31365\/\" title=\"Espa\u00f1ol\">\n            <img loading=\"lazy\" decoding=\"async\" class=\"trp-flag-image\" src=\"https:\/\/vin.mecalife.com\/wp-content\/plugins\/translatepress-multilingual\/assets\/images\/flags\/es_ES.png\" width=\"18\" height=\"12\" alt=\"es_ES\" title=\"Espa\u00f1ol\"> Espa\u00f1ol        <\/a>\n\n            <a href=\"https:\/\/vin.mecalife.com\/fr_be\/wp-json\/wp\/v2\/pages\/31365\/\" title=\"Fran\u00e7ais de Belgique\">\n            <img loading=\"lazy\" decoding=\"async\" class=\"trp-flag-image\" src=\"https:\/\/vin.mecalife.com\/wp-content\/plugins\/translatepress-multilingual\/assets\/images\/flags\/fr_BE.png\" width=\"18\" height=\"12\" alt=\"fr_BE\" title=\"Fran\u00e7ais de Belgique\"> Fran\u00e7ais de Belgique        <\/a>\n\n            <a href=\"https:\/\/vin.mecalife.com\/nl_be\/wp-json\/wp\/v2\/pages\/31365\/\" title=\"Nederlands (Belgi\u00eb)\">\n            <img loading=\"lazy\" decoding=\"async\" class=\"trp-flag-image\" src=\"https:\/\/vin.mecalife.com\/wp-content\/plugins\/translatepress-multilingual\/assets\/images\/flags\/nl_BE.png\" width=\"18\" height=\"12\" alt=\"nl_BE\" title=\"Nederlands (Belgi\u00eb)\"> Nederlands (Belgi\u00eb)        <\/a>\n\n            <a href=\"https:\/\/vin.mecalife.com\/de_ch\/wp-json\/wp\/v2\/pages\/31365\/\" title=\"Deutsch (Schweiz)\">\n            <img loading=\"lazy\" decoding=\"async\" class=\"trp-flag-image\" src=\"https:\/\/vin.mecalife.com\/wp-content\/plugins\/translatepress-multilingual\/assets\/images\/flags\/de_CH.png\" width=\"18\" height=\"12\" alt=\"de_CH\" title=\"Deutsch (Schweiz)\"> Deutsch (Schweiz)        <\/a>\n\n        <\/div>\n    <script type=\"application\/javascript\">\n        \/\/ need to have the same with set from JS on both divs. Otherwise it can push stuff around in HTML\n        var trp_ls_shortcodes = document.querySelectorAll('.trp_language_switcher_shortcode .trp-language-switcher');\n        if ( trp_ls_shortcodes.length > 0) {\n            \/\/ get the last language switcher added\n            var trp_el = trp_ls_shortcodes[trp_ls_shortcodes.length - 1];\n\n            var trp_shortcode_language_item = trp_el.querySelector( '.trp-ls-shortcode-language' )\n            \/\/ set width\n            var trp_ls_shortcode_width                                               = trp_shortcode_language_item.offsetWidth + 16;\n            trp_shortcode_language_item.style.width                                  = trp_ls_shortcode_width + 'px';\n            trp_el.querySelector( '.trp-ls-shortcode-current-language' ).style.width = trp_ls_shortcode_width + 'px';\n\n            \/\/ We're putting this on display: none after we have its width.\n            trp_shortcode_language_item.style.display = 'none';\n        }\n    <\/script>\n<\/div>\n<\/div><\/div>\n\t\t\t\t<\/div>\n\t\t\t\t<\/div>\n\t\t\t\t\t<\/div>\n\t\t<\/div>\n\t\t\t\t\t<\/div>\n\t\t<\/section>\n\t\t\t\t<\/div>\n\t\t\t\t<\/div>\n\t\t\t\t<\/div>\n\t\t\t\t<\/div>\n\t\t\t\t\t<\/div>\n\t\t<\/div>\n\t\t\t\t\t<\/div>\n\t\t<\/section>\n\t\t\t\t<section class=\"elementor-section elementor-top-section elementor-element elementor-element-894ed45 elementor-section-boxed elementor-section-height-default elementor-section-height-default\" data-id=\"894ed45\" data-element_type=\"section\" data-settings=\"{&quot;background_background&quot;:&quot;classic&quot;}\">\n\t\t\t\t\t\t<div class=\"elementor-container elementor-column-gap-default\">\n\t\t\t\t\t<div class=\"elementor-column elementor-col-100 elementor-top-column elementor-element elementor-element-350f702\" data-id=\"350f702\" data-element_type=\"column\">\n\t\t\t<div class=\"elementor-widget-wrap elementor-element-populated\">\n\t\t\t\t\t\t<div class=\"elementor-element elementor-element-361dc78e elementor-widget elementor-widget-heading\" data-id=\"361dc78e\" data-element_type=\"widget\" data-widget_type=\"heading.default\">\n\t\t\t\t<div class=\"elementor-widget-container\">\n\t\t\t<h1 class=\"elementor-heading-title elementor-size-default\">Exclusive Benefits (optional)<\/h1>\t\t<\/div>\n\t\t\t\t<\/div>\n\t\t\t\t<div class=\"elementor-element elementor-element-55532af5 elementor-widget elementor-widget-text-editor\" data-id=\"55532af5\" data-element_type=\"widget\" data-widget_type=\"text-editor.default\">\n\t\t\t\t<div class=\"elementor-widget-container\">\n\t\t\t<style>\/*! elementor - v3.22.0 - 26-06-2024 *\/\n.elementor-widget-text-editor.elementor-drop-cap-view-stacked .elementor-drop-cap{background-color:#69727d;color:#fff}.elementor-widget-text-editor.elementor-drop-cap-view-framed .elementor-drop-cap{color:#69727d;border:3px solid;background-color:transparent}.elementor-widget-text-editor:not(.elementor-drop-cap-view-default) .elementor-drop-cap{margin-top:8px}.elementor-widget-text-editor:not(.elementor-drop-cap-view-default) .elementor-drop-cap-letter{width:1em;height:1em}.elementor-widget-text-editor .elementor-drop-cap{float:left;text-align:center;line-height:1;font-size:50px}.elementor-widget-text-editor .elementor-drop-cap-letter{display:inline-block}<\/style>\t\t\t\t<p>With a MecaVIN PRO account, you access MecaVIN reports using previously purchased credits. As an option, we offer Exclusive Benefits, designed to provide you with personalised benefits tailored to your specific requirements.<br><\/p>\t\t\t\t\t\t<\/div>\n\t\t\t\t<\/div>\n\t\t\t\t\t<\/div>\n\t\t<\/div>\n\t\t\t\t\t<\/div>\n\t\t<\/section>\n\t\t\t\t<section class=\"elementor-section elementor-top-section elementor-element elementor-element-5d70470 elementor-section-boxed elementor-section-height-default elementor-section-height-default\" data-id=\"5d70470\" data-element_type=\"section\" data-settings=\"{&quot;background_background&quot;:&quot;classic&quot;}\">\n\t\t\t\t\t\t<div class=\"elementor-container elementor-column-gap-default\">\n\t\t\t\t\t<div class=\"elementor-column elementor-col-100 elementor-top-column elementor-element elementor-element-305d7a2\" data-id=\"305d7a2\" data-element_type=\"column\">\n\t\t\t<div class=\"elementor-widget-wrap elementor-element-populated\">\n\t\t\t\t\t\t<div class=\"elementor-element elementor-element-0aacf2c elementor-widget elementor-widget-html\" data-id=\"0aacf2c\" data-element_type=\"widget\" data-widget_type=\"html.default\">\n\t\t\t\t<div class=\"elementor-widget-container\">\n\t\t\t<script async src=\"https:\/\/js.stripe.com\/v3\/pricing-table.js\"><\/script>\n<stripe-pricing-table pricing-table-id=\"prctbl_1NmIpcAR8EzGuEdnrEnGPz83\"\npublishable-key=\"pk_live_51HWhl2AR8EzGuEdnKNI3kj9sdOoz7gxxP6dfOwk5h04PQp4DvrlSx1wsvMnYD5Wt63CrVwURADgavUPhrCqO12NN00eOm6gcpP\">\n<\/stripe-pricing-table>\t\t<\/div>\n\t\t\t\t<\/div>\n\t\t\t\t\t<\/div>\n\t\t<\/div>\n\t\t\t\t\t<\/div>\n\t\t<\/section>\n\t\t\t\t<\/div>","protected":false},"excerpt":{"rendered":"<p>Exclusive Benefits (optional) With a MecaVIN PRO account, you access MecaVIN reports using previously purchased credits. As an option, we offer Exclusive Benefits, designed to provide you with personalised benefits tailored to your specific requirements.<\/p>","protected":false},"author":1,"featured_media":0,"parent":0,"menu_order":0,"comment_status":"closed","ping_status":"closed","template":"elementor_canvas","meta":{"_acf_changed":false,"footnotes":""},"modele":[],"acf":[],"yoast_head":"<!-- This site is optimized with the Yoast SEO plugin v23.0 - https:\/\/yoast.com\/wordpress\/plugins\/seo\/ -->\n<title>MecaVIN - Avantages Professionnel<\/title>\n<meta name=\"robots\" content=\"index, follow, max-snippet:-1, max-image-preview:large, max-video-preview:-1\" \/>\n<link rel=\"canonical\" href=\"https:\/\/vin.mecalife.com\/en_gb\/subscription-mecavin-pro\/\" \/>\n<meta property=\"og:locale\" content=\"en_GB\" \/>\n<meta property=\"og:type\" content=\"article\" \/>\n<meta property=\"og:title\" content=\"MecaVIN - Avantages Professionnel\" \/>\n<meta property=\"og:description\" content=\"Avantages Exclusifs (facultatif) Avec un compte MecaVIN PRO, vous acc\u00e9dez aux rapports MecaVIN en utilisant les cr\u00e9dits pr\u00e9alablement achet\u00e9s. En option, nous proposons des Avantages Exclusifs, con\u00e7us pour vous fournir des b\u00e9n\u00e9fices personnalis\u00e9s et adapt\u00e9s \u00e0 vos exigences sp\u00e9cifiques.\" \/>\n<meta property=\"og:url\" content=\"https:\/\/vin.mecalife.com\/en_gb\/subscription-mecavin-pro\/\" \/>\n<meta property=\"og:site_name\" content=\"MecaVIN FR\" \/>\n<meta property=\"article:modified_time\" content=\"2023-12-01T14:11:34+00:00\" \/>\n<meta name=\"twitter:card\" content=\"summary_large_image\" \/>\n<meta name=\"twitter:label1\" content=\"Estimated reading time\" \/>\n\t<meta name=\"twitter:data1\" content=\"9 minutes\" \/>\n<script type=\"application\/ld+json\" class=\"yoast-schema-graph\">{\"@context\":\"https:\/\/schema.org\",\"@graph\":[{\"@type\":\"WebPage\",\"@id\":\"https:\/\/vin.mecalife.com\/avantages-mecavin-pro\/\",\"url\":\"https:\/\/vin.mecalife.com\/avantages-mecavin-pro\/\",\"name\":\"MecaVIN - Avantages Professionnel\",\"isPartOf\":{\"@id\":\"https:\/\/vin.mecalife.com\/#website\"},\"datePublished\":\"2023-08-29T13:10:32+00:00\",\"dateModified\":\"2023-12-01T14:11:34+00:00\",\"breadcrumb\":{\"@id\":\"https:\/\/vin.mecalife.com\/avantages-mecavin-pro\/#breadcrumb\"},\"inLanguage\":\"en-GB\",\"potentialAction\":[{\"@type\":\"ReadAction\",\"target\":[\"https:\/\/vin.mecalife.com\/avantages-mecavin-pro\/\"]}]},{\"@type\":\"BreadcrumbList\",\"@id\":\"https:\/\/vin.mecalife.com\/avantages-mecavin-pro\/#breadcrumb\",\"itemListElement\":[{\"@type\":\"ListItem\",\"position\":1,\"name\":\"Accueil\",\"item\":\"https:\/\/vin.mecalife.com\/\"},{\"@type\":\"ListItem\",\"position\":2,\"name\":\"avantages-mecavin-pro\"}]},{\"@type\":\"WebSite\",\"@id\":\"https:\/\/vin.mecalife.com\/#website\",\"url\":\"https:\/\/vin.mecalife.com\/\",\"name\":\"MecaVIN FR\",\"description\":\"Identifier votre v\u00e9hicule avec immatriculation ou VIN - Options d&#039;\u00e9quipements - Code Couleur - Type Moteur - Type Boite\",\"publisher\":{\"@id\":\"https:\/\/vin.mecalife.com\/#organization\"},\"potentialAction\":[{\"@type\":\"SearchAction\",\"target\":{\"@type\":\"EntryPoint\",\"urlTemplate\":\"https:\/\/vin.mecalife.com\/?s={search_term_string}\"},\"query-input\":\"required name=search_term_string\"}],\"inLanguage\":\"en-GB\"},{\"@type\":\"Organization\",\"@id\":\"https:\/\/vin.mecalife.com\/#organization\",\"name\":\"MecaVIN by MecaLIFE\",\"url\":\"https:\/\/vin.mecalife.com\/\",\"logo\":{\"@type\":\"ImageObject\",\"inLanguage\":\"en-GB\",\"@id\":\"https:\/\/vin.mecalife.com\/#\/schema\/logo\/image\/\",\"url\":\"https:\/\/vin.mecalife.com\/wp-content\/uploads\/2020\/06\/mecavin_logo.svg\",\"contentUrl\":\"https:\/\/vin.mecalife.com\/wp-content\/uploads\/2020\/06\/mecavin_logo.svg\",\"width\":200,\"height\":56,\"caption\":\"MecaVIN by MecaLIFE\"},\"image\":{\"@id\":\"https:\/\/vin.mecalife.com\/#\/schema\/logo\/image\/\"}}]}<\/script>\n<!-- \/ Yoast SEO plugin. -->","yoast_head_json":{"title":"MecaVIN - Avantages Professionnel","robots":{"index":"index","follow":"follow","max-snippet":"max-snippet:-1","max-image-preview":"max-image-preview:large","max-video-preview":"max-video-preview:-1"},"canonical":"https:\/\/vin.mecalife.com\/en_gb\/subscription-mecavin-pro\/","og_locale":"en_GB","og_type":"article","og_title":"MecaVIN - Avantages Professionnel","og_description":"Avantages Exclusifs (facultatif) Avec un compte MecaVIN PRO, vous acc\u00e9dez aux rapports MecaVIN en utilisant les cr\u00e9dits pr\u00e9alablement achet\u00e9s. En option, nous proposons des Avantages Exclusifs, con\u00e7us pour vous fournir des b\u00e9n\u00e9fices personnalis\u00e9s et adapt\u00e9s \u00e0 vos exigences sp\u00e9cifiques.","og_url":"https:\/\/vin.mecalife.com\/en_gb\/subscription-mecavin-pro\/","og_site_name":"MecaVIN FR","article_modified_time":"2023-12-01T14:11:34+00:00","twitter_card":"summary_large_image","twitter_misc":{"Estimated reading time":"9 minutes"},"schema":{"@context":"https:\/\/schema.org","@graph":[{"@type":"WebPage","@id":"https:\/\/vin.mecalife.com\/avantages-mecavin-pro\/","url":"https:\/\/vin.mecalife.com\/avantages-mecavin-pro\/","name":"MecaVIN - Avantages Professionnel","isPartOf":{"@id":"https:\/\/vin.mecalife.com\/#website"},"datePublished":"2023-08-29T13:10:32+00:00","dateModified":"2023-12-01T14:11:34+00:00","breadcrumb":{"@id":"https:\/\/vin.mecalife.com\/avantages-mecavin-pro\/#breadcrumb"},"inLanguage":"en-GB","potentialAction":[{"@type":"ReadAction","target":["https:\/\/vin.mecalife.com\/avantages-mecavin-pro\/"]}]},{"@type":"BreadcrumbList","@id":"https:\/\/vin.mecalife.com\/avantages-mecavin-pro\/#breadcrumb","itemListElement":[{"@type":"ListItem","position":1,"name":"Accueil","item":"https:\/\/vin.mecalife.com\/"},{"@type":"ListItem","position":2,"name":"avantages-mecavin-pro"}]},{"@type":"WebSite","@id":"https:\/\/vin.mecalife.com\/#website","url":"https:\/\/vin.mecalife.com\/","name":"MecaVIN FR","description":"Identifier votre v\u00e9hicule avec immatriculation ou VIN - Options d&#039;\u00e9quipements - Code Couleur - Type Moteur - Type Boite","publisher":{"@id":"https:\/\/vin.mecalife.com\/#organization"},"potentialAction":[{"@type":"SearchAction","target":{"@type":"EntryPoint","urlTemplate":"https:\/\/vin.mecalife.com\/?s={search_term_string}"},"query-input":"required name=search_term_string"}],"inLanguage":"en-GB"},{"@type":"Organization","@id":"https:\/\/vin.mecalife.com\/#organization","name":"MecaVIN by MecaLIFE","url":"https:\/\/vin.mecalife.com\/","logo":{"@type":"ImageObject","inLanguage":"en-GB","@id":"https:\/\/vin.mecalife.com\/#\/schema\/logo\/image\/","url":"https:\/\/vin.mecalife.com\/wp-content\/uploads\/2020\/06\/mecavin_logo.svg","contentUrl":"https:\/\/vin.mecalife.com\/wp-content\/uploads\/2020\/06\/mecavin_logo.svg","width":200,"height":56,"caption":"MecaVIN by MecaLIFE"},"image":{"@id":"https:\/\/vin.mecalife.com\/#\/schema\/logo\/image\/"}}]}},"_links":{"self":[{"href":"https:\/\/vin.mecalife.com\/en_gb\/wp-json\/wp\/v2\/pages\/31365"}],"collection":[{"href":"https:\/\/vin.mecalife.com\/en_gb\/wp-json\/wp\/v2\/pages"}],"about":[{"href":"https:\/\/vin.mecalife.com\/en_gb\/wp-json\/wp\/v2\/types\/page"}],"author":[{"embeddable":true,"href":"https:\/\/vin.mecalife.com\/en_gb\/wp-json\/wp\/v2\/users\/1"}],"replies":[{"embeddable":true,"href":"https:\/\/vin.mecalife.com\/en_gb\/wp-json\/wp\/v2\/comments?post=31365"}],"version-history":[{"count":49,"href":"https:\/\/vin.mecalife.com\/en_gb\/wp-json\/wp\/v2\/pages\/31365\/revisions"}],"predecessor-version":[{"id":31508,"href":"https:\/\/vin.mecalife.com\/en_gb\/wp-json\/wp\/v2\/pages\/31365\/revisions\/31508"}],"wp:attachment":[{"href":"https:\/\/vin.mecalife.com\/en_gb\/wp-json\/wp\/v2\/media?parent=31365"}],"wp:term":[{"taxonomy":"modele","embeddable":true,"href":"https:\/\/vin.mecalife.com\/en_gb\/wp-json\/wp\/v2\/modele?post=31365"}],"curies":[{"name":"wp","href":"https:\/\/api.w.org\/{rel}","templated":true}]}}