{"id":30226,"date":"2021-10-26T16:15:48","date_gmt":"2021-10-26T15:15:48","guid":{"rendered":"https:\/\/vin.mecalife.com\/?page_id=30226"},"modified":"2021-10-28T14:00:51","modified_gmt":"2021-10-28T13:00:51","slug":"affiliation-client","status":"publish","type":"page","link":"https:\/\/vin.mecalife.com\/de_ch\/affiliate-kunde\/","title":{"rendered":"KUNDENZUGEH\u00d6RIGKEIT"},"content":{"rendered":"<div data-elementor-type=\"wp-page\" data-elementor-id=\"30226\" class=\"elementor elementor-30226\" data-elementor-post-type=\"page\">\n\t\t\t\t\t\t<section class=\"elementor-section elementor-top-section elementor-element elementor-element-cd0c16f elementor-section-boxed elementor-section-height-default elementor-section-height-default\" data-id=\"cd0c16f\" data-element_type=\"section\">\n\t\t\t\t\t\t<div class=\"elementor-container elementor-column-gap-default\">\n\t\t\t\t\t<div class=\"elementor-column elementor-col-100 elementor-top-column elementor-element elementor-element-54800d7\" data-id=\"54800d7\" data-element_type=\"column\">\n\t\t\t<div class=\"elementor-widget-wrap elementor-element-populated\">\n\t\t\t\t\t\t<div class=\"elementor-element elementor-element-4a59c47 elementor-widget elementor-widget-heading\" data-id=\"4a59c47\" data-element_type=\"widget\" data-widget_type=\"heading.default\">\n\t\t\t\t<div class=\"elementor-widget-container\">\n\t\t\t<style>\/*! elementor - v3.22.0 - 26-06-2024 *\/\n.elementor-heading-title{padding:0;margin:0;line-height:1}.elementor-widget-heading .elementor-heading-title[class*=elementor-size-]>a{color:inherit;font-size:inherit;line-height:inherit}.elementor-widget-heading .elementor-heading-title.elementor-size-small{font-size:15px}.elementor-widget-heading .elementor-heading-title.elementor-size-medium{font-size:19px}.elementor-widget-heading .elementor-heading-title.elementor-size-large{font-size:29px}.elementor-widget-heading .elementor-heading-title.elementor-size-xl{font-size:39px}.elementor-widget-heading .elementor-heading-title.elementor-size-xxl{font-size:59px}<\/style><h2 class=\"elementor-heading-title elementor-size-default\">PARTNERPROGRAMM<\/h2>\t\t<\/div>\n\t\t\t\t<\/div>\n\t\t\t\t\t<\/div>\n\t\t<\/div>\n\t\t\t\t\t<\/div>\n\t\t<\/section>\n\t\t\t\t<section class=\"elementor-section elementor-top-section elementor-element elementor-element-548bfc9 elementor-section-boxed elementor-section-height-default elementor-section-height-default\" data-id=\"548bfc9\" data-element_type=\"section\">\n\t\t\t\t\t\t<div class=\"elementor-container elementor-column-gap-default\">\n\t\t\t\t\t<div class=\"elementor-column elementor-col-100 elementor-top-column elementor-element elementor-element-116d4fb\" data-id=\"116d4fb\" data-element_type=\"column\">\n\t\t\t<div class=\"elementor-widget-wrap elementor-element-populated\">\n\t\t\t\t\t\t<div class=\"elementor-element elementor-element-85c5ea1 elementor-widget elementor-widget-text-editor\" data-id=\"85c5ea1\" data-element_type=\"widget\" data-widget_type=\"text-editor.default\">\n\t\t\t\t<div class=\"elementor-widget-container\">\n\t\t\t<style>\/*! elementor - v3.22.0 - 26-06-2024 *\/\n.elementor-widget-text-editor.elementor-drop-cap-view-stacked .elementor-drop-cap{background-color:#69727d;color:#fff}.elementor-widget-text-editor.elementor-drop-cap-view-framed .elementor-drop-cap{color:#69727d;border:3px solid;background-color:transparent}.elementor-widget-text-editor:not(.elementor-drop-cap-view-default) .elementor-drop-cap{margin-top:8px}.elementor-widget-text-editor:not(.elementor-drop-cap-view-default) .elementor-drop-cap-letter{width:1em;height:1em}.elementor-widget-text-editor .elementor-drop-cap{float:left;text-align:center;line-height:1;font-size:50px}.elementor-widget-text-editor .elementor-drop-cap-letter{display:inline-block}<\/style>\t\t\t\t<p>Willkommen auf der Seite zur Erkl\u00e4rung der Patenschaft bei MecaVIN.<\/p><p>Um Sponsor zu werden, m\u00fcssen Sie nur Ihren ersten MecaVIN-Bericht bestellen, dann wird automatisch ein Konto f\u00fcr Sie erstellt und Sie erhalten die Zugangsdaten per E-Mail.<br \/>Sobald Sie sich eingeloggt haben, k\u00f6nnen Sie Ihren Empfehlungslink erhalten.<\/p><p style=\"color: #19d180;\"><span style=\"text-decoration: underline;\"><strong>SPONSORVORTEIL :<\/strong><\/span><\/p><p>F\u00fcr jeden Bericht, der \u00fcber Ihren Empfehlungslink bestellt wird, erhalten Sie 15% Provision auf Ihr MecaVIN-Konto (Sie k\u00f6nnen die H\u00f6he Ihrer Provision direkt auf Ihrem MecaVIN-Konto einsehen).<\/p><p>Um Ihre Provision zur\u00fcckzubekommen, gibt es zwei M\u00f6glichkeiten: Wenn Sie auf Ihrem Konto einen MecaVIN-Bericht haben, der noch nicht zur\u00fcckgezahlt wurde, dann zahlen wir Ihnen den Bericht \u00fcber Ihre Provision zur\u00fcck.<br \/>Wenn alle Ihre Berichte bereits zur\u00fcckerstattet wurden, Ihre Provision sich aber weiterhin ansammelt, k\u00f6nnen Sie ab einer Provisionssumme von 10\u20ac eine \u00dcberweisung beantragen.<br \/>Sie k\u00f6nnen sich auch daf\u00fcr entscheiden, Ihre Provision zu spenden an <a href=\"https:\/\/www.msf.fr\/\"><span style=\"text-decoration: underline;\"><strong>\u00c4rzte ohne Grenzen<\/strong><\/span><\/a><\/p><p style=\"color: #19d180;\"><span style=\"text-decoration: underline;\"><strong>VORTEIL PATENKIND :<\/strong><\/span><\/p><p>Wenn eine Person einen MecaVIN-Bericht \u00fcber einen Empfehlungslink bestellt, wird ein Rabatt von 10%* auf den gesch\u00e4tzten Preis des zu identifizierenden Fahrzeugs gew\u00e4hrt. (F\u00fcr weitere Informationen sehen Sie bitte weiter unten)<\/p><p>*Bei MecaVIN verwenden wir f\u00fcr unsere Berichte variable Preise, die sich nach dem Preis der zu identifizierenden Fahrzeuge richten.<br \/>Daher enth\u00e4lt jeder Berichtspreis eine Fahrzeugpreisstufe hier unten ein Beispiel (Bitte beachten Sie, dass die verwendeten Zahlen nicht mit den von uns verwendeten \u00fcbereinstimmen) :<\/p><p>FAHRZEUGPREIS VON 5000\u20ac BIS 6499\u20ac = 9\u20ac.<br \/>FAHRZEUGPREIS VON 6500\u20ac BIS 8000\u20ac = 10\u20ac.<\/p><p>Wenn das Patenkind also einen Bericht beantragt, nehmen wir den Preis des Fahrzeugs und ziehen ihm 10% Beispiel ab:<\/p><p>FAHRZEUGPREIS 6500\u20ac - 10%(650\u20ac) = 5850\u20ac somit wird der Gang 9\u20ac statt 10\u20ac betragen<\/p><p>Wenn sich der Preis des Fahrzeugs um eine Stufe \u00e4ndert, wird der Preis des Berichts gesenkt, aber es kann auch vorkommen, dass sich der Preis des Fahrzeugs nicht um eine Stufe \u00e4ndert, so dass der Preis des Berichts unver\u00e4ndert bleibt.<\/p>\t\t\t\t\t\t<\/div>\n\t\t\t\t<\/div>\n\t\t\t\t\t<\/div>\n\t\t<\/div>\n\t\t\t\t\t<\/div>\n\t\t<\/section>\n\t\t\t\t<\/div>","protected":false},"excerpt":{"rendered":"<p>PATENSCHAFTSPROGRAMM Willkommen auf der Seite zur Erkl\u00e4rung der Patenschaft bei MecaVIN. Um Pate zu werden, m\u00fcssen Sie nur Ihren ersten MecaVIN-Bericht bestellen, dann wird automatisch ein Konto f\u00fcr Sie erstellt und Sie erhalten per E-Mail die Zugangsdaten, um sich einzuloggen. Sobald Sie sich eingeloggt haben, k\u00f6nnen Sie Ihren Sponsoring-Link erhalten. PATENVORTEIL: F\u00fcr jeden [...].<\/p>","protected":false},"author":6,"featured_media":0,"parent":0,"menu_order":0,"comment_status":"closed","ping_status":"closed","template":"","meta":{"_acf_changed":false,"footnotes":""},"modele":[],"acf":[],"yoast_head":"<!-- This site is optimized with the Yoast SEO plugin v23.0 - https:\/\/yoast.com\/wordpress\/plugins\/seo\/ -->\n<title>MecaVIN - AFFILIATION CLIENT<\/title>\n<meta name=\"robots\" content=\"index, follow, max-snippet:-1, max-image-preview:large, max-video-preview:-1\" \/>\n<link rel=\"canonical\" href=\"https:\/\/vin.mecalife.com\/de_ch\/affiliate-kunde\/\" \/>\n<meta property=\"og:locale\" content=\"de_DE\" \/>\n<meta property=\"og:type\" content=\"article\" \/>\n<meta property=\"og:title\" content=\"MecaVIN - AFFILIATION CLIENT\" \/>\n<meta property=\"og:description\" content=\"PROGRAMME D&rsquo;AFFILIATION Bienvenue sur la page d&rsquo;explication de parrainage chez MecaVIN. Pour devenir parrain, il suffit simplement de commander votre premier rapport MecaVIN ainsi un compte vous sera automatiquement cr\u00e9e et vous recevrez les identifiants pour vous connecter par mail. Une fois connect\u00e9, vous pourrez obtenir votre lien de parrainage. AVANTAGE PARRAIN : Pour chaque [&hellip;]\" \/>\n<meta property=\"og:url\" content=\"https:\/\/vin.mecalife.com\/de_ch\/affiliate-kunde\/\" \/>\n<meta property=\"og:site_name\" content=\"MecaVIN FR\" \/>\n<meta property=\"article:modified_time\" content=\"2021-10-28T13:00:51+00:00\" \/>\n<meta name=\"twitter:card\" content=\"summary_large_image\" \/>\n<meta name=\"twitter:label1\" content=\"Gesch\u00e4tzte Lesezeit\" \/>\n\t<meta name=\"twitter:data1\" content=\"2 Minuten\" \/>\n<script type=\"application\/ld+json\" class=\"yoast-schema-graph\">{\"@context\":\"https:\/\/schema.org\",\"@graph\":[{\"@type\":\"WebPage\",\"@id\":\"https:\/\/vin.mecalife.com\/affiliation-client\/\",\"url\":\"https:\/\/vin.mecalife.com\/affiliation-client\/\",\"name\":\"MecaVIN - AFFILIATION CLIENT\",\"isPartOf\":{\"@id\":\"https:\/\/vin.mecalife.com\/#website\"},\"datePublished\":\"2021-10-26T15:15:48+00:00\",\"dateModified\":\"2021-10-28T13:00:51+00:00\",\"breadcrumb\":{\"@id\":\"https:\/\/vin.mecalife.com\/affiliation-client\/#breadcrumb\"},\"inLanguage\":\"de-CH\",\"potentialAction\":[{\"@type\":\"ReadAction\",\"target\":[\"https:\/\/vin.mecalife.com\/affiliation-client\/\"]}]},{\"@type\":\"BreadcrumbList\",\"@id\":\"https:\/\/vin.mecalife.com\/affiliation-client\/#breadcrumb\",\"itemListElement\":[{\"@type\":\"ListItem\",\"position\":1,\"name\":\"Accueil\",\"item\":\"https:\/\/vin.mecalife.com\/\"},{\"@type\":\"ListItem\",\"position\":2,\"name\":\"AFFILIATION CLIENT\"}]},{\"@type\":\"WebSite\",\"@id\":\"https:\/\/vin.mecalife.com\/#website\",\"url\":\"https:\/\/vin.mecalife.com\/\",\"name\":\"MecaVIN FR\",\"description\":\"Identifier votre v\u00e9hicule avec immatriculation ou VIN - Options d&#039;\u00e9quipements - Code Couleur - Type Moteur - Type Boite\",\"publisher\":{\"@id\":\"https:\/\/vin.mecalife.com\/#organization\"},\"potentialAction\":[{\"@type\":\"SearchAction\",\"target\":{\"@type\":\"EntryPoint\",\"urlTemplate\":\"https:\/\/vin.mecalife.com\/?s={search_term_string}\"},\"query-input\":\"required name=search_term_string\"}],\"inLanguage\":\"de-CH\"},{\"@type\":\"Organization\",\"@id\":\"https:\/\/vin.mecalife.com\/#organization\",\"name\":\"MecaVIN by MecaLIFE\",\"url\":\"https:\/\/vin.mecalife.com\/\",\"logo\":{\"@type\":\"ImageObject\",\"inLanguage\":\"de-CH\",\"@id\":\"https:\/\/vin.mecalife.com\/#\/schema\/logo\/image\/\",\"url\":\"https:\/\/vin.mecalife.com\/wp-content\/uploads\/2020\/06\/mecavin_logo.svg\",\"contentUrl\":\"https:\/\/vin.mecalife.com\/wp-content\/uploads\/2020\/06\/mecavin_logo.svg\",\"width\":200,\"height\":56,\"caption\":\"MecaVIN by MecaLIFE\"},\"image\":{\"@id\":\"https:\/\/vin.mecalife.com\/#\/schema\/logo\/image\/\"}}]}<\/script>\n<!-- \/ Yoast SEO plugin. -->","yoast_head_json":{"title":"MecaVIN - AFFILIATION CLIENT","robots":{"index":"index","follow":"follow","max-snippet":"max-snippet:-1","max-image-preview":"max-image-preview:large","max-video-preview":"max-video-preview:-1"},"canonical":"https:\/\/vin.mecalife.com\/de_ch\/affiliate-kunde\/","og_locale":"de_DE","og_type":"article","og_title":"MecaVIN - AFFILIATION CLIENT","og_description":"PROGRAMME D&rsquo;AFFILIATION Bienvenue sur la page d&rsquo;explication de parrainage chez MecaVIN. Pour devenir parrain, il suffit simplement de commander votre premier rapport MecaVIN ainsi un compte vous sera automatiquement cr\u00e9e et vous recevrez les identifiants pour vous connecter par mail. Une fois connect\u00e9, vous pourrez obtenir votre lien de parrainage. AVANTAGE PARRAIN : Pour chaque [&hellip;]","og_url":"https:\/\/vin.mecalife.com\/de_ch\/affiliate-kunde\/","og_site_name":"MecaVIN FR","article_modified_time":"2021-10-28T13:00:51+00:00","twitter_card":"summary_large_image","twitter_misc":{"Gesch\u00e4tzte Lesezeit":"2 Minuten"},"schema":{"@context":"https:\/\/schema.org","@graph":[{"@type":"WebPage","@id":"https:\/\/vin.mecalife.com\/affiliation-client\/","url":"https:\/\/vin.mecalife.com\/affiliation-client\/","name":"MecaVIN - AFFILIATION CLIENT","isPartOf":{"@id":"https:\/\/vin.mecalife.com\/#website"},"datePublished":"2021-10-26T15:15:48+00:00","dateModified":"2021-10-28T13:00:51+00:00","breadcrumb":{"@id":"https:\/\/vin.mecalife.com\/affiliation-client\/#breadcrumb"},"inLanguage":"de-CH","potentialAction":[{"@type":"ReadAction","target":["https:\/\/vin.mecalife.com\/affiliation-client\/"]}]},{"@type":"BreadcrumbList","@id":"https:\/\/vin.mecalife.com\/affiliation-client\/#breadcrumb","itemListElement":[{"@type":"ListItem","position":1,"name":"Accueil","item":"https:\/\/vin.mecalife.com\/"},{"@type":"ListItem","position":2,"name":"AFFILIATION CLIENT"}]},{"@type":"WebSite","@id":"https:\/\/vin.mecalife.com\/#website","url":"https:\/\/vin.mecalife.com\/","name":"MecaVIN FR","description":"Identifier votre v\u00e9hicule avec immatriculation ou VIN - Options d&#039;\u00e9quipements - Code Couleur - Type Moteur - Type Boite","publisher":{"@id":"https:\/\/vin.mecalife.com\/#organization"},"potentialAction":[{"@type":"SearchAction","target":{"@type":"EntryPoint","urlTemplate":"https:\/\/vin.mecalife.com\/?s={search_term_string}"},"query-input":"required name=search_term_string"}],"inLanguage":"de-CH"},{"@type":"Organization","@id":"https:\/\/vin.mecalife.com\/#organization","name":"MecaVIN by MecaLIFE","url":"https:\/\/vin.mecalife.com\/","logo":{"@type":"ImageObject","inLanguage":"de-CH","@id":"https:\/\/vin.mecalife.com\/#\/schema\/logo\/image\/","url":"https:\/\/vin.mecalife.com\/wp-content\/uploads\/2020\/06\/mecavin_logo.svg","contentUrl":"https:\/\/vin.mecalife.com\/wp-content\/uploads\/2020\/06\/mecavin_logo.svg","width":200,"height":56,"caption":"MecaVIN by MecaLIFE"},"image":{"@id":"https:\/\/vin.mecalife.com\/#\/schema\/logo\/image\/"}}]}},"_links":{"self":[{"href":"https:\/\/vin.mecalife.com\/de_ch\/wp-json\/wp\/v2\/pages\/30226"}],"collection":[{"href":"https:\/\/vin.mecalife.com\/de_ch\/wp-json\/wp\/v2\/pages"}],"about":[{"href":"https:\/\/vin.mecalife.com\/de_ch\/wp-json\/wp\/v2\/types\/page"}],"author":[{"embeddable":true,"href":"https:\/\/vin.mecalife.com\/de_ch\/wp-json\/wp\/v2\/users\/6"}],"replies":[{"embeddable":true,"href":"https:\/\/vin.mecalife.com\/de_ch\/wp-json\/wp\/v2\/comments?post=30226"}],"version-history":[{"count":50,"href":"https:\/\/vin.mecalife.com\/de_ch\/wp-json\/wp\/v2\/pages\/30226\/revisions"}],"predecessor-version":[{"id":30276,"href":"https:\/\/vin.mecalife.com\/de_ch\/wp-json\/wp\/v2\/pages\/30226\/revisions\/30276"}],"wp:attachment":[{"href":"https:\/\/vin.mecalife.com\/de_ch\/wp-json\/wp\/v2\/media?parent=30226"}],"wp:term":[{"taxonomy":"modele","embeddable":true,"href":"https:\/\/vin.mecalife.com\/de_ch\/wp-json\/wp\/v2\/modele?post=30226"}],"curies":[{"name":"wp","href":"https:\/\/api.w.org\/{rel}","templated":true}]}}